{"id":4606,"date":"2024-05-04T17:52:41","date_gmt":"2024-05-04T15:52:41","guid":{"rendered":"https:\/\/www.kominox.sk\/sutik-hasznalata\/"},"modified":"2024-05-17T11:05:27","modified_gmt":"2024-05-17T09:05:27","slug":"sutik-hasznalata","status":"publish","type":"page","link":"https:\/\/www.kominox.sk\/hu\/sutik-hasznalata\/","title":{"rendered":"S\u00fctik haszn\u00e1lata"},"content":{"rendered":"\n<p>A t\u00f6rv\u00e9nynek megfelel\u0151en ez a weboldal cookie-knak nevezett f\u00e1jlokat t\u00e1rol az \u00d6n eszk\u00f6z\u00e9n.<\/p>\n\n<h4 class=\"wp-block-heading\">MIK AZOK A S\u00dcTIK?<\/h4>\n\n<p>A s\u00fctik olyan kis adatf\u00e1jlok, amelyek seg\u00edts\u00e9g\u00e9vel az \u00d6n \u00e1ltal l\u00e1togatott weboldalak megjegyzik az \u00d6n \u00e1ltal v\u00e9gzett m\u0171veleteket \u00e9s be\u00e1ll\u00edt\u00e1sokat, \u00edgy nem kell \u00fajra megadnia ezeket az inform\u00e1ci\u00f3kat. A s\u00fctik nem jelentenek vesz\u00e9lyt, de fontosak az adatv\u00e9delem szempontj\u00e1b\u00f3l. A s\u00fctik nem haszn\u00e1lhat\u00f3k a webhely l\u00e1togat\u00f3inak azonos\u00edt\u00e1s\u00e1ra vagy a bejelentkez\u00e9si adatokkal val\u00f3 vissza\u00e9l\u00e9sre.<\/p>\n\n<h4 class=\"wp-block-heading\">S\u00fctik haszn\u00e1lata<\/h4>\n\n<p>A weboldal haszn\u00e1lat\u00e1val \u00d6n hozz\u00e1j\u00e1rul a s\u00fctik haszn\u00e1lat\u00e1hoz a b\u00f6ng\u00e9sz\u0151 be\u00e1ll\u00edt\u00e1sainak megfelel\u0151en. Minden b\u00f6ng\u00e9sz\u0151 enged\u00e9lyezve van a s\u00fctik elfogad\u00e1s\u00e1ra. Ez\u00e9rt ha nem v\u00e1ltoztatja meg b\u00f6ng\u00e9sz\u0151je be\u00e1ll\u00edt\u00e1sait, \u00e9s tov\u00e1bbra is l\u00e1togatja weboldalunkat, azt \u00fagy tekintj\u00fck, hogy elfogadja a s\u00fctikre vonatkoz\u00f3 felhaszn\u00e1l\u00e1si felt\u00e9teleinket.<\/p>\n\n<h4 class=\"wp-block-heading\">MILYEN S\u00dcTIKET HASZN\u00c1LUNK?<\/h4>\n\n<ul>\n<li><strong>Felt\u00e9tlen\u00fcl sz\u00fcks\u00e9ges s\u00fctik<\/strong> \u2013 elengedhetetlen\u00fcl sz\u00fcks\u00e9gesek a weboldal m\u0171k\u00f6d\u00e9s\u00e9hez. Ezek a s\u00fctik nem gy\u0171jtenek \u00d6nr\u0151l olyan inform\u00e1ci\u00f3kat, amelyeket marketingc\u00e9lokra lehetne felhaszn\u00e1lni, \u00e9s nem eml\u00e9keznek arra sem, hogy hol j\u00e1rt az interneten. Harmadik f\u00e9lt\u0151l sz\u00e1rmaz\u00f3 s\u00fctik &#8211; amelyeket olyan szolg\u00e1ltat\u00f3k hoznak l\u00e9tre \u00e9s haszn\u00e1lnak, mint a Google Analytics, a Google AdSense vagy a Facebook. Ezeket a szolg\u00e1ltat\u00e1sokat az\u00e9rt integr\u00e1ltuk oldalunkba, mert hasznosnak \u00e9s teljesen biztons\u00e1gosnak tal\u00e1ljuk \u0151ket.<\/li>\n\n\n\n<li><strong>Alapvet\u0151<\/strong> \u2013 lehet\u0151v\u00e9 teszik az olyan alapvet\u0151 funkci\u00f3k haszn\u00e1lat\u00e1t, mint a regisztr\u00e1lt felhaszn\u00e1l\u00f3k\u00e9nt t\u00f6rt\u00e9n\u0151 bejelentkez\u00e9s vagy az \u0171rlapok el\u0151zetes kit\u00f6lt\u00e9se. Ha letiltja ezeket a s\u00fctiket, nem tudjuk garant\u00e1lni oldalunk teljes funkcionalit\u00e1s\u00e1t.<\/li>\n\n\n\n<li><strong>M\u0171k\u00f6d\u00e9si<\/strong> \u2013 a weboldalon a l\u00e1togat\u00f3k viselked\u00e9s\u00e9nek elemz\u00e9s\u00e9re, majd a weboldal funkcionalit\u00e1s\u00e1nak \u00e9s megjelen\u00e9s\u00e9nek jav\u00edt\u00e1s\u00e1ra haszn\u00e1lj\u00e1k. Ha letiltja ezeket a s\u00fctiket, nem tudjuk garant\u00e1lni oldalunk teljes funkcionalit\u00e1s\u00e1t.<\/li>\n\n\n\n<li><strong>Funkcion\u00e1lis s\u00fctik<\/strong> \u2013 a szolg\u00e1ltat\u00e1sok ny\u00fajt\u00e1s\u00e1ra szolg\u00e1lnak, vagy olyan be\u00e1ll\u00edt\u00e1sokra eml\u00e9keznek, amelyek biztos\u00edtj\u00e1k a maxim\u00e1lis k\u00e9nyelmet az \u00d6n l\u00e1togat\u00e1sa sor\u00e1n. A s\u00fctik k\u00e9pesek megjegyezni, hogy \u00d6n milyen t\u00e9teleket helyezett el a web\u00e1ruh\u00e1z kosar\u00e1ban, illetve azt is, hogy tal\u00e1lkozott-e b\u00e1rmilyen hib\u00e1val, p\u00e9ld\u00e1ul az \u0171rlapokkal kapcsolatban. Ezeknek a s\u00fctiknek a haszn\u00e1lata teljes m\u00e9rt\u00e9kben az \u00d6n be\u00e1ll\u00edt\u00e1sait\u00f3l f\u00fcgg. Ezek kikapcsol\u00e1sa azt jelentheti, hogy \u00d6n elvesz\u00edti azokat a szolg\u00e1ltat\u00e1sokat \u00e9s t\u00e1mogat\u00e1st, amelyeket egy\u00e9bk\u00e9nt ny\u00fajtan\u00e1nk \u00d6nnek. Az is lehets\u00e9ges, hogy a s\u00fctik letilt\u00e1sa ut\u00e1n nem fogjuk megjegyezni, hogy \u00d6n m\u00e1r elutas\u00edtott egy adott szolg\u00e1ltat\u00e1st.<\/li>\n\n\n\n<li><strong>Marketing s\u00fctik<\/strong> \u2013 a megjelen\u00edtett hirdet\u00e9s optimaliz\u00e1l\u00e1s\u00e1ra szolg\u00e1lnak a l\u00e1togat\u00f3 szok\u00e1sai \u00e9s a hirdet\u0151 marketingkommunik\u00e1ci\u00f3j\u00e1nak hat\u00e9konys\u00e1ga szempontj\u00e1b\u00f3l. P\u00e9ld\u00e1ul nem fog feleslegesen gyakori hirdet\u00e9seket l\u00e1tni egy olyan ter\u00fcletr\u0151l, amely nem \u00e9rdekli.<\/li>\n<\/ul>\n\n<h4 class=\"wp-block-heading\">HOZZ\u00c1J\u00c1RUL\u00c1S A S\u00dcTIK T\u00c1ROL\u00c1S\u00c1HOZ<\/h4>\n\n<p>A legt\u00f6bb b\u00f6ng\u00e9sz\u0151 automatikusan elfogadja a s\u00fctiket, hacsak a b\u00f6ng\u00e9sz\u0151 nincs m\u00e1sk\u00e9nt be\u00e1ll\u00edtva. A weboldal haszn\u00e1lat\u00e1val \u00d6n hozz\u00e1j\u00e1rul a s\u00fctik t\u00e1rol\u00e1s\u00e1hoz. A webb\u00f6ng\u00e9sz\u0151 be\u00e1ll\u00edt\u00e1saiban korl\u00e1tozhatja vagy letilthatja a s\u00fctik haszn\u00e1lat\u00e1t.<\/p>\n\n<p>Az adott b\u00f6ng\u00e9sz\u0151 be\u00e1ll\u00edt\u00e1sair\u00f3l a k\u00f6vetkez\u0151 c\u00edmeken t\u00e1j\u00e9koz\u00f3dhat:<\/p>\n\n<ul>\n<li><a href=\"https:\/\/support.google.com\/accounts\/answer\/61416?hl=sk\" rel=\"noreferrer noopener\" target=\"_blank\">Google Chrome<\/a><\/li>\n\n\n\n<li><a href=\"https:\/\/support.mozilla.org\/sk\/kb\/Spr%C3%A1va%20cookies\" rel=\"noreferrer noopener\" target=\"_blank\">Firefox<\/a><\/li>\n\n\n\n<li><a href=\"https:\/\/support.microsoft.com\/sk-sk\/help\/17442\/windows-internet-explorer-delete-manage-cookies\" rel=\"noreferrer noopener\" target=\"_blank\">Microsoft Internet Explorer<\/a><\/li>\n\n\n\n<li><a href=\"https:\/\/support.apple.com\/kb\/ph21411?locale=sk_SK\" rel=\"noreferrer noopener\" target=\"_blank\">Safari<\/a><\/li>\n\n\n\n<li><a href=\"https:\/\/www.opera.com\/help\/tutorials\/security\/cookies\/\" rel=\"noreferrer noopener\" target=\"_blank\">Opera<\/a><\/li>\n<\/ul>\n","protected":false},"excerpt":{"rendered":"<p>A t\u00f6rv\u00e9nynek megfelel\u0151en ez a weboldal cookie-knak nevezett f\u00e1jlokat t\u00e1rol az \u00d6n eszk\u00f6z\u00e9n. MIK AZOK A S\u00dcTIK? A s\u00fctik olyan kis adatf\u00e1jlok, amelyek seg\u00edts\u00e9g\u00e9vel az \u00d6n \u00e1ltal l\u00e1togatott weboldalak megjegyzik az \u00d6n \u00e1ltal v\u00e9gzett m\u0171veleteket \u00e9s be\u00e1ll\u00edt\u00e1sokat, \u00edgy nem kell \u00fajra megadnia ezeket az inform\u00e1ci\u00f3kat. A s\u00fctik nem jelentenek vesz\u00e9lyt, de fontosak az adatv\u00e9delem szempontj\u00e1b\u00f3l&#8230;.<\/p>\n","protected":false},"author":1,"featured_media":0,"parent":0,"menu_order":0,"comment_status":"closed","ping_status":"closed","template":"","meta":{"_monsterinsights_skip_tracking":false,"_monsterinsights_sitenote_active":false,"_monsterinsights_sitenote_note":"","_monsterinsights_sitenote_category":0,"footnotes":""},"yoast_head":"<!-- This site is optimized with the Yoast SEO plugin v22.9 - https:\/\/yoast.com\/wordpress\/plugins\/seo\/ -->\n<title>S\u00fctik haszn\u00e1lata - KOMINOX<\/title>\n<meta name=\"robots\" content=\"index, follow, max-snippet:-1, max-image-preview:large, max-video-preview:-1\" \/>\n<link rel=\"canonical\" href=\"https:\/\/www.kominox.sk\/hu\/sutik-hasznalata\/\" \/>\n<meta property=\"og:locale\" content=\"hu_HU\" \/>\n<meta property=\"og:type\" content=\"article\" \/>\n<meta property=\"og:title\" content=\"S\u00fctik haszn\u00e1lata - KOMINOX\" \/>\n<meta property=\"og:description\" content=\"A t\u00f6rv\u00e9nynek megfelel\u0151en ez a weboldal cookie-knak nevezett f\u00e1jlokat t\u00e1rol az \u00d6n eszk\u00f6z\u00e9n. MIK AZOK A S\u00dcTIK? A s\u00fctik olyan kis adatf\u00e1jlok, amelyek seg\u00edts\u00e9g\u00e9vel az \u00d6n \u00e1ltal l\u00e1togatott weboldalak megjegyzik az \u00d6n \u00e1ltal v\u00e9gzett m\u0171veleteket \u00e9s be\u00e1ll\u00edt\u00e1sokat, \u00edgy nem kell \u00fajra megadnia ezeket az inform\u00e1ci\u00f3kat. A s\u00fctik nem jelentenek vesz\u00e9lyt, de fontosak az adatv\u00e9delem szempontj\u00e1b\u00f3l....\" \/>\n<meta property=\"og:url\" content=\"https:\/\/www.kominox.sk\/hu\/sutik-hasznalata\/\" \/>\n<meta property=\"og:site_name\" content=\"KOMINOX\" \/>\n<meta property=\"article:modified_time\" content=\"2024-05-17T09:05:27+00:00\" \/>\n<meta name=\"twitter:card\" content=\"summary_large_image\" \/>\n<meta name=\"twitter:label1\" content=\"Becs\u00fclt olvas\u00e1si id\u0151\" \/>\n\t<meta name=\"twitter:data1\" content=\"3 perc\" \/>\n<script type=\"application\/ld+json\" class=\"yoast-schema-graph\">{\"@context\":\"https:\/\/schema.org\",\"@graph\":[{\"@type\":\"WebPage\",\"@id\":\"https:\/\/www.kominox.sk\/hu\/sutik-hasznalata\/\",\"url\":\"https:\/\/www.kominox.sk\/hu\/sutik-hasznalata\/\",\"name\":\"S\u00fctik haszn\u00e1lata - KOMINOX\",\"isPartOf\":{\"@id\":\"https:\/\/www.kominox.sk\/hu\/#website\"},\"datePublished\":\"2024-05-04T15:52:41+00:00\",\"dateModified\":\"2024-05-17T09:05:27+00:00\",\"breadcrumb\":{\"@id\":\"https:\/\/www.kominox.sk\/hu\/sutik-hasznalata\/#breadcrumb\"},\"inLanguage\":\"hu\",\"potentialAction\":[{\"@type\":\"ReadAction\",\"target\":[\"https:\/\/www.kominox.sk\/hu\/sutik-hasznalata\/\"]}]},{\"@type\":\"BreadcrumbList\",\"@id\":\"https:\/\/www.kominox.sk\/hu\/sutik-hasznalata\/#breadcrumb\",\"itemListElement\":[{\"@type\":\"ListItem\",\"position\":1,\"name\":\"Home\",\"item\":\"https:\/\/www.kominox.sk\/hu\/\"},{\"@type\":\"ListItem\",\"position\":2,\"name\":\"S\u00fctik haszn\u00e1lata\"}]},{\"@type\":\"WebSite\",\"@id\":\"https:\/\/www.kominox.sk\/hu\/#website\",\"url\":\"https:\/\/www.kominox.sk\/hu\/\",\"name\":\"KOMINOX\",\"description\":\"Kom\u00ednov\u00e9 syst\u00e9my\",\"publisher\":{\"@id\":\"https:\/\/www.kominox.sk\/hu\/#organization\"},\"potentialAction\":[{\"@type\":\"SearchAction\",\"target\":{\"@type\":\"EntryPoint\",\"urlTemplate\":\"https:\/\/www.kominox.sk\/hu\/?s={search_term_string}\"},\"query-input\":\"required name=search_term_string\"}],\"inLanguage\":\"hu\"},{\"@type\":\"Organization\",\"@id\":\"https:\/\/www.kominox.sk\/hu\/#organization\",\"name\":\"KOMINOX\",\"url\":\"https:\/\/www.kominox.sk\/hu\/\",\"logo\":{\"@type\":\"ImageObject\",\"inLanguage\":\"hu\",\"@id\":\"https:\/\/www.kominox.sk\/hu\/#\/schema\/logo\/image\/\",\"url\":\"https:\/\/www.kominox.sk\/wp-content\/uploads\/2024\/04\/logo-kominox.png\",\"contentUrl\":\"https:\/\/www.kominox.sk\/wp-content\/uploads\/2024\/04\/logo-kominox.png\",\"width\":267,\"height\":64,\"caption\":\"KOMINOX\"},\"image\":{\"@id\":\"https:\/\/www.kominox.sk\/hu\/#\/schema\/logo\/image\/\"}}]}<\/script>\n<!-- \/ Yoast SEO plugin. -->","yoast_head_json":{"title":"S\u00fctik haszn\u00e1lata - KOMINOX","robots":{"index":"index","follow":"follow","max-snippet":"max-snippet:-1","max-image-preview":"max-image-preview:large","max-video-preview":"max-video-preview:-1"},"canonical":"https:\/\/www.kominox.sk\/hu\/sutik-hasznalata\/","og_locale":"hu_HU","og_type":"article","og_title":"S\u00fctik haszn\u00e1lata - KOMINOX","og_description":"A t\u00f6rv\u00e9nynek megfelel\u0151en ez a weboldal cookie-knak nevezett f\u00e1jlokat t\u00e1rol az \u00d6n eszk\u00f6z\u00e9n. MIK AZOK A S\u00dcTIK? A s\u00fctik olyan kis adatf\u00e1jlok, amelyek seg\u00edts\u00e9g\u00e9vel az \u00d6n \u00e1ltal l\u00e1togatott weboldalak megjegyzik az \u00d6n \u00e1ltal v\u00e9gzett m\u0171veleteket \u00e9s be\u00e1ll\u00edt\u00e1sokat, \u00edgy nem kell \u00fajra megadnia ezeket az inform\u00e1ci\u00f3kat. A s\u00fctik nem jelentenek vesz\u00e9lyt, de fontosak az adatv\u00e9delem szempontj\u00e1b\u00f3l....","og_url":"https:\/\/www.kominox.sk\/hu\/sutik-hasznalata\/","og_site_name":"KOMINOX","article_modified_time":"2024-05-17T09:05:27+00:00","twitter_card":"summary_large_image","twitter_misc":{"Becs\u00fclt olvas\u00e1si id\u0151":"3 perc"},"schema":{"@context":"https:\/\/schema.org","@graph":[{"@type":"WebPage","@id":"https:\/\/www.kominox.sk\/hu\/sutik-hasznalata\/","url":"https:\/\/www.kominox.sk\/hu\/sutik-hasznalata\/","name":"S\u00fctik haszn\u00e1lata - KOMINOX","isPartOf":{"@id":"https:\/\/www.kominox.sk\/hu\/#website"},"datePublished":"2024-05-04T15:52:41+00:00","dateModified":"2024-05-17T09:05:27+00:00","breadcrumb":{"@id":"https:\/\/www.kominox.sk\/hu\/sutik-hasznalata\/#breadcrumb"},"inLanguage":"hu","potentialAction":[{"@type":"ReadAction","target":["https:\/\/www.kominox.sk\/hu\/sutik-hasznalata\/"]}]},{"@type":"BreadcrumbList","@id":"https:\/\/www.kominox.sk\/hu\/sutik-hasznalata\/#breadcrumb","itemListElement":[{"@type":"ListItem","position":1,"name":"Home","item":"https:\/\/www.kominox.sk\/hu\/"},{"@type":"ListItem","position":2,"name":"S\u00fctik haszn\u00e1lata"}]},{"@type":"WebSite","@id":"https:\/\/www.kominox.sk\/hu\/#website","url":"https:\/\/www.kominox.sk\/hu\/","name":"KOMINOX","description":"Kom\u00ednov\u00e9 syst\u00e9my","publisher":{"@id":"https:\/\/www.kominox.sk\/hu\/#organization"},"potentialAction":[{"@type":"SearchAction","target":{"@type":"EntryPoint","urlTemplate":"https:\/\/www.kominox.sk\/hu\/?s={search_term_string}"},"query-input":"required name=search_term_string"}],"inLanguage":"hu"},{"@type":"Organization","@id":"https:\/\/www.kominox.sk\/hu\/#organization","name":"KOMINOX","url":"https:\/\/www.kominox.sk\/hu\/","logo":{"@type":"ImageObject","inLanguage":"hu","@id":"https:\/\/www.kominox.sk\/hu\/#\/schema\/logo\/image\/","url":"https:\/\/www.kominox.sk\/wp-content\/uploads\/2024\/04\/logo-kominox.png","contentUrl":"https:\/\/www.kominox.sk\/wp-content\/uploads\/2024\/04\/logo-kominox.png","width":267,"height":64,"caption":"KOMINOX"},"image":{"@id":"https:\/\/www.kominox.sk\/hu\/#\/schema\/logo\/image\/"}}]}},"_links":{"self":[{"href":"https:\/\/www.kominox.sk\/hu\/wp-json\/wp\/v2\/pages\/4606"}],"collection":[{"href":"https:\/\/www.kominox.sk\/hu\/wp-json\/wp\/v2\/pages"}],"about":[{"href":"https:\/\/www.kominox.sk\/hu\/wp-json\/wp\/v2\/types\/page"}],"author":[{"embeddable":true,"href":"https:\/\/www.kominox.sk\/hu\/wp-json\/wp\/v2\/users\/1"}],"replies":[{"embeddable":true,"href":"https:\/\/www.kominox.sk\/hu\/wp-json\/wp\/v2\/comments?post=4606"}],"version-history":[{"count":1,"href":"https:\/\/www.kominox.sk\/hu\/wp-json\/wp\/v2\/pages\/4606\/revisions"}],"predecessor-version":[{"id":4607,"href":"https:\/\/www.kominox.sk\/hu\/wp-json\/wp\/v2\/pages\/4606\/revisions\/4607"}],"wp:attachment":[{"href":"https:\/\/www.kominox.sk\/hu\/wp-json\/wp\/v2\/media?parent=4606"}],"curies":[{"name":"wp","href":"https:\/\/api.w.org\/{rel}","templated":true}]}}