{"id":4626,"date":"2024-05-05T19:35:54","date_gmt":"2024-05-05T17:35:54","guid":{"rendered":"https:\/\/www.kominox.sk\/referenciak\/"},"modified":"2024-06-27T09:01:07","modified_gmt":"2024-06-27T07:01:07","slug":"referenciak","status":"publish","type":"page","link":"https:\/\/www.kominox.sk\/hu\/referenciak\/","title":{"rendered":"Referenci\u00e1k"},"content":{"rendered":"\t\t<div data-elementor-type=\"wp-page\" data-elementor-id=\"4626\" class=\"elementor elementor-4626 elementor-3826\">\n\t\t\t\t<div class=\"elementor-element elementor-element-7f86f45 e-grid e-con-boxed e-con e-parent\" data-id=\"7f86f45\" data-element_type=\"container\">\n\t\t\t\t\t<div class=\"e-con-inner\">\n\t\t<div class=\"elementor-element elementor-element-7c9b228 e-con-full e-transform e-flex e-con e-child\" data-id=\"7c9b228\" data-element_type=\"container\" data-settings=\"{&quot;background_background&quot;:&quot;classic&quot;,&quot;_transform_scale_effect_hover&quot;:{&quot;unit&quot;:&quot;px&quot;,&quot;size&quot;:0.9,&quot;sizes&quot;:[]},&quot;_transform_scale_effect_hover_tablet&quot;:{&quot;unit&quot;:&quot;px&quot;,&quot;size&quot;:&quot;&quot;,&quot;sizes&quot;:[]},&quot;_transform_scale_effect_hover_mobile&quot;:{&quot;unit&quot;:&quot;px&quot;,&quot;size&quot;:&quot;&quot;,&quot;sizes&quot;:[]}}\">\n\t\t\t\t<div class=\"elementor-element elementor-element-58990ab elementor-widget elementor-widget-image\" data-id=\"58990ab\" data-element_type=\"widget\" data-widget_type=\"image.default\">\n\t\t\t\t<div class=\"elementor-widget-container\">\n\t\t\t<style>\/*! elementor - v3.22.0 - 26-06-2024 *\/\n.elementor-widget-image{text-align:center}.elementor-widget-image a{display:inline-block}.elementor-widget-image a img[src$=\".svg\"]{width:48px}.elementor-widget-image img{vertical-align:middle;display:inline-block}<\/style>\t\t\t\t\t\t\t\t\t\t\t<a href=\"\/hu\/referenciak\/gyarunk\/\">\n\t\t\t\t\t\t\t<img fetchpriority=\"high\" decoding=\"async\" width=\"410\" height=\"270\" src=\"https:\/\/www.kominox.sk\/wp-content\/uploads\/2024\/05\/nasa_dielna_kominox_1-410x270.jpg\" class=\"attachment-ruffer_410X270 size-ruffer_410X270 wp-image-4333\" alt=\"Na\u0161a diel\u0148a KOMINOX\" \/>\t\t\t\t\t\t\t\t<\/a>\n\t\t\t\t\t\t\t\t\t\t\t\t\t<\/div>\n\t\t\t\t<\/div>\n\t\t\t\t<div class=\"elementor-element elementor-element-e268558 elementor-widget elementor-widget-heading\" data-id=\"e268558\" data-element_type=\"widget\" data-widget_type=\"heading.default\">\n\t\t\t\t<div class=\"elementor-widget-container\">\n\t\t\t<style>\/*! elementor - v3.22.0 - 26-06-2024 *\/\n.elementor-heading-title{padding:0;margin:0;line-height:1}.elementor-widget-heading .elementor-heading-title[class*=elementor-size-]>a{color:inherit;font-size:inherit;line-height:inherit}.elementor-widget-heading .elementor-heading-title.elementor-size-small{font-size:15px}.elementor-widget-heading .elementor-heading-title.elementor-size-medium{font-size:19px}.elementor-widget-heading .elementor-heading-title.elementor-size-large{font-size:29px}.elementor-widget-heading .elementor-heading-title.elementor-size-xl{font-size:39px}.elementor-widget-heading .elementor-heading-title.elementor-size-xxl{font-size:59px}<\/style><h4 class=\"elementor-heading-title elementor-size-default\"><a href=\"https:\/\/www.kominox.sk\/hu\/referenciak\/gyarunk\/\">Gy\u00e1runk<\/a><\/h4>\t\t<\/div>\n\t\t\t\t<\/div>\n\t\t\t\t<\/div>\n\t\t<div class=\"elementor-element elementor-element-8b43646 e-con-full e-transform e-flex e-con e-child\" data-id=\"8b43646\" data-element_type=\"container\" data-settings=\"{&quot;background_background&quot;:&quot;classic&quot;,&quot;_transform_scale_effect_hover&quot;:{&quot;unit&quot;:&quot;px&quot;,&quot;size&quot;:0.9,&quot;sizes&quot;:[]},&quot;_transform_scale_effect_hover_tablet&quot;:{&quot;unit&quot;:&quot;px&quot;,&quot;size&quot;:&quot;&quot;,&quot;sizes&quot;:[]},&quot;_transform_scale_effect_hover_mobile&quot;:{&quot;unit&quot;:&quot;px&quot;,&quot;size&quot;:&quot;&quot;,&quot;sizes&quot;:[]}}\">\n\t\t\t\t<div class=\"elementor-element elementor-element-213ed67 elementor-widget elementor-widget-image\" data-id=\"213ed67\" data-element_type=\"widget\" data-widget_type=\"image.default\">\n\t\t\t\t<div class=\"elementor-widget-container\">\n\t\t\t\t\t\t\t\t\t\t\t\t\t\t<a href=\"\/hu\/referenciak\/csaladi-hazak\/\">\n\t\t\t\t\t\t\t<img decoding=\"async\" width=\"410\" height=\"270\" src=\"https:\/\/www.kominox.sk\/wp-content\/uploads\/2024\/05\/nerezove_kominy_pre_rodinne_domy_1-410x270.jpg\" class=\"attachment-ruffer_410X270 size-ruffer_410X270 wp-image-4471\" alt=\"Nerezov\u00e9 kom\u00edny pre rodinn\u00e9 domy\" \/>\t\t\t\t\t\t\t\t<\/a>\n\t\t\t\t\t\t\t\t\t\t\t\t\t<\/div>\n\t\t\t\t<\/div>\n\t\t\t\t<div class=\"elementor-element elementor-element-295d002 elementor-widget elementor-widget-heading\" data-id=\"295d002\" data-element_type=\"widget\" data-widget_type=\"heading.default\">\n\t\t\t\t<div class=\"elementor-widget-container\">\n\t\t\t<h4 class=\"elementor-heading-title elementor-size-default\"><a href=\"https:\/\/www.kominox.sk\/hu\/referenciak\/csaladi-hazak\/\">Csal\u00e1di h\u00e1zak<\/a><\/h4>\t\t<\/div>\n\t\t\t\t<\/div>\n\t\t\t\t<\/div>\n\t\t<div class=\"elementor-element elementor-element-a86bd34 e-con-full e-transform e-flex e-con e-child\" data-id=\"a86bd34\" data-element_type=\"container\" data-settings=\"{&quot;background_background&quot;:&quot;classic&quot;,&quot;_transform_scale_effect_hover&quot;:{&quot;unit&quot;:&quot;px&quot;,&quot;size&quot;:0.9,&quot;sizes&quot;:[]},&quot;_transform_scale_effect_hover_tablet&quot;:{&quot;unit&quot;:&quot;px&quot;,&quot;size&quot;:&quot;&quot;,&quot;sizes&quot;:[]},&quot;_transform_scale_effect_hover_mobile&quot;:{&quot;unit&quot;:&quot;px&quot;,&quot;size&quot;:&quot;&quot;,&quot;sizes&quot;:[]}}\">\n\t\t\t\t<div class=\"elementor-element elementor-element-76553fe elementor-widget elementor-widget-image\" data-id=\"76553fe\" data-element_type=\"widget\" data-widget_type=\"image.default\">\n\t\t\t\t<div class=\"elementor-widget-container\">\n\t\t\t\t\t\t\t\t\t\t\t\t\t\t<a href=\"\/hu\/referenciak\/tarsashazak\/\">\n\t\t\t\t\t\t\t<img decoding=\"async\" width=\"410\" height=\"270\" src=\"https:\/\/www.kominox.sk\/wp-content\/uploads\/2024\/05\/nerezove_kominy_pre_bytove_domy_1-410x270.jpg\" class=\"attachment-ruffer_410X270 size-ruffer_410X270 wp-image-4307\" alt=\"Nerezov\u00e9 kom\u00edny pre bytov\u00e9 domy\" \/>\t\t\t\t\t\t\t\t<\/a>\n\t\t\t\t\t\t\t\t\t\t\t\t\t<\/div>\n\t\t\t\t<\/div>\n\t\t\t\t<div class=\"elementor-element elementor-element-fb3fa24 elementor-widget elementor-widget-heading\" data-id=\"fb3fa24\" data-element_type=\"widget\" data-widget_type=\"heading.default\">\n\t\t\t\t<div class=\"elementor-widget-container\">\n\t\t\t<h4 class=\"elementor-heading-title elementor-size-default\"><a href=\"https:\/\/www.kominox.sk\/hu\/referenciak\/tarsashazak\/\">T\u00e1rsash\u00e1zak<\/a><\/h4>\t\t<\/div>\n\t\t\t\t<\/div>\n\t\t\t\t<\/div>\n\t\t<div class=\"elementor-element elementor-element-3814e96 e-con-full e-transform e-flex e-con e-child\" data-id=\"3814e96\" data-element_type=\"container\" data-settings=\"{&quot;background_background&quot;:&quot;classic&quot;,&quot;_transform_scale_effect_hover&quot;:{&quot;unit&quot;:&quot;px&quot;,&quot;size&quot;:0.9,&quot;sizes&quot;:[]},&quot;_transform_scale_effect_hover_tablet&quot;:{&quot;unit&quot;:&quot;px&quot;,&quot;size&quot;:&quot;&quot;,&quot;sizes&quot;:[]},&quot;_transform_scale_effect_hover_mobile&quot;:{&quot;unit&quot;:&quot;px&quot;,&quot;size&quot;:&quot;&quot;,&quot;sizes&quot;:[]}}\">\n\t\t\t\t<div class=\"elementor-element elementor-element-b4368ae elementor-widget elementor-widget-image\" data-id=\"b4368ae\" data-element_type=\"widget\" data-widget_type=\"image.default\">\n\t\t\t\t<div class=\"elementor-widget-container\">\n\t\t\t\t\t\t\t\t\t\t\t\t\t\t<a href=\"\/hu\/referenciak\/maganepuletek\/\">\n\t\t\t\t\t\t\t<img loading=\"lazy\" decoding=\"async\" width=\"410\" height=\"270\" src=\"https:\/\/www.kominox.sk\/wp-content\/uploads\/2024\/05\/nerezove_kominy_pre_obcianske_stavby_1-410x270.jpg\" class=\"attachment-ruffer_410X270 size-ruffer_410X270 wp-image-4363\" alt=\"Nerezov\u00e9 kom\u00edny pre ob\u010dianske stavby\" \/>\t\t\t\t\t\t\t\t<\/a>\n\t\t\t\t\t\t\t\t\t\t\t\t\t<\/div>\n\t\t\t\t<\/div>\n\t\t\t\t<div class=\"elementor-element elementor-element-edc1c8c elementor-widget elementor-widget-heading\" data-id=\"edc1c8c\" data-element_type=\"widget\" data-widget_type=\"heading.default\">\n\t\t\t\t<div class=\"elementor-widget-container\">\n\t\t\t<h4 class=\"elementor-heading-title elementor-size-default\"><a href=\"https:\/\/www.kominox.sk\/hu\/referenciak\/maganepuletek\/\">Mag\u00e1n\u00e9p\u00fcletek<\/a><\/h4>\t\t<\/div>\n\t\t\t\t<\/div>\n\t\t\t\t<\/div>\n\t\t<div class=\"elementor-element elementor-element-f00f14a e-con-full e-transform e-flex e-con e-child\" data-id=\"f00f14a\" data-element_type=\"container\" data-settings=\"{&quot;background_background&quot;:&quot;classic&quot;,&quot;_transform_scale_effect_hover&quot;:{&quot;unit&quot;:&quot;px&quot;,&quot;size&quot;:0.9,&quot;sizes&quot;:[]},&quot;_transform_scale_effect_hover_tablet&quot;:{&quot;unit&quot;:&quot;px&quot;,&quot;size&quot;:&quot;&quot;,&quot;sizes&quot;:[]},&quot;_transform_scale_effect_hover_mobile&quot;:{&quot;unit&quot;:&quot;px&quot;,&quot;size&quot;:&quot;&quot;,&quot;sizes&quot;:[]}}\">\n\t\t\t\t<div class=\"elementor-element elementor-element-e052534 elementor-widget elementor-widget-image\" data-id=\"e052534\" data-element_type=\"widget\" data-widget_type=\"image.default\">\n\t\t\t\t<div class=\"elementor-widget-container\">\n\t\t\t\t\t\t\t\t\t\t\t\t\t\t<a href=\"\/hu\/referenciak\/ipari-epuletek\/\">\n\t\t\t\t\t\t\t<img loading=\"lazy\" decoding=\"async\" width=\"410\" height=\"270\" src=\"https:\/\/www.kominox.sk\/wp-content\/uploads\/2024\/05\/nerezove_kominy_pre_priemyselne_stavby_1-410x270.jpg\" class=\"attachment-ruffer_410X270 size-ruffer_410X270 wp-image-4387\" alt=\"Nerezov\u00e9 kom\u00edny pre priemyseln\u00e9 stavby\" \/>\t\t\t\t\t\t\t\t<\/a>\n\t\t\t\t\t\t\t\t\t\t\t\t\t<\/div>\n\t\t\t\t<\/div>\n\t\t\t\t<div class=\"elementor-element elementor-element-c3908da elementor-widget elementor-widget-heading\" data-id=\"c3908da\" data-element_type=\"widget\" data-widget_type=\"heading.default\">\n\t\t\t\t<div class=\"elementor-widget-container\">\n\t\t\t<h4 class=\"elementor-heading-title elementor-size-default\"><a href=\"https:\/\/www.kominox.sk\/hu\/referenciak\/ipari-epuletek\/\">Ipari \u00e9p\u00fcletek<\/a><\/h4>\t\t<\/div>\n\t\t\t\t<\/div>\n\t\t\t\t<\/div>\n\t\t\t\t\t<\/div>\n\t\t\t\t<\/div>\n\t\t\t\t<\/div>\n\t\t","protected":false},"excerpt":{"rendered":"<p>Gy\u00e1runk Csal\u00e1di h\u00e1zak T\u00e1rsash\u00e1zak Mag\u00e1n\u00e9p\u00fcletek Ipari \u00e9p\u00fcletek<\/p>\n","protected":false},"author":1,"featured_media":0,"parent":0,"menu_order":0,"comment_status":"closed","ping_status":"closed","template":"template-builder.php","meta":{"_monsterinsights_skip_tracking":false,"_monsterinsights_sitenote_active":false,"_monsterinsights_sitenote_note":"","_monsterinsights_sitenote_category":0,"footnotes":""},"yoast_head":"<!-- This site is optimized with the Yoast SEO plugin v22.9 - https:\/\/yoast.com\/wordpress\/plugins\/seo\/ -->\n<title>Referenci\u00e1k - KOMINOX<\/title>\n<meta name=\"robots\" content=\"index, follow, max-snippet:-1, max-image-preview:large, max-video-preview:-1\" \/>\n<link rel=\"canonical\" href=\"https:\/\/www.kominox.sk\/hu\/referenciak\/\" \/>\n<meta property=\"og:locale\" content=\"hu_HU\" \/>\n<meta property=\"og:type\" content=\"article\" \/>\n<meta property=\"og:title\" content=\"Referenci\u00e1k - KOMINOX\" \/>\n<meta property=\"og:description\" content=\"Gy\u00e1runk Csal\u00e1di h\u00e1zak T\u00e1rsash\u00e1zak Mag\u00e1n\u00e9p\u00fcletek Ipari \u00e9p\u00fcletek\" \/>\n<meta property=\"og:url\" content=\"https:\/\/www.kominox.sk\/hu\/referenciak\/\" \/>\n<meta property=\"og:site_name\" content=\"KOMINOX\" \/>\n<meta property=\"article:modified_time\" content=\"2024-06-27T07:01:07+00:00\" \/>\n<meta property=\"og:image\" content=\"https:\/\/www.kominox.sk\/wp-content\/uploads\/2024\/05\/nasa_dielna_kominox_1-410x270.jpg\" \/>\n<meta name=\"twitter:card\" content=\"summary_large_image\" \/>\n<meta name=\"twitter:label1\" content=\"Becs\u00fclt olvas\u00e1si id\u0151\" \/>\n\t<meta name=\"twitter:data1\" content=\"2 perc\" \/>\n<script type=\"application\/ld+json\" class=\"yoast-schema-graph\">{\"@context\":\"https:\/\/schema.org\",\"@graph\":[{\"@type\":\"WebPage\",\"@id\":\"https:\/\/www.kominox.sk\/hu\/referenciak\/\",\"url\":\"https:\/\/www.kominox.sk\/hu\/referenciak\/\",\"name\":\"Referenci\u00e1k - KOMINOX\",\"isPartOf\":{\"@id\":\"https:\/\/www.kominox.sk\/hu\/#website\"},\"primaryImageOfPage\":{\"@id\":\"https:\/\/www.kominox.sk\/hu\/referenciak\/#primaryimage\"},\"image\":{\"@id\":\"https:\/\/www.kominox.sk\/hu\/referenciak\/#primaryimage\"},\"thumbnailUrl\":\"https:\/\/www.kominox.sk\/wp-content\/uploads\/2024\/05\/nasa_dielna_kominox_1-410x270.jpg\",\"datePublished\":\"2024-05-05T17:35:54+00:00\",\"dateModified\":\"2024-06-27T07:01:07+00:00\",\"breadcrumb\":{\"@id\":\"https:\/\/www.kominox.sk\/hu\/referenciak\/#breadcrumb\"},\"inLanguage\":\"hu\",\"potentialAction\":[{\"@type\":\"ReadAction\",\"target\":[\"https:\/\/www.kominox.sk\/hu\/referenciak\/\"]}]},{\"@type\":\"ImageObject\",\"inLanguage\":\"hu\",\"@id\":\"https:\/\/www.kominox.sk\/hu\/referenciak\/#primaryimage\",\"url\":\"https:\/\/www.kominox.sk\/wp-content\/uploads\/2024\/05\/nasa_dielna_kominox_1-410x270.jpg\",\"contentUrl\":\"https:\/\/www.kominox.sk\/wp-content\/uploads\/2024\/05\/nasa_dielna_kominox_1-410x270.jpg\"},{\"@type\":\"BreadcrumbList\",\"@id\":\"https:\/\/www.kominox.sk\/hu\/referenciak\/#breadcrumb\",\"itemListElement\":[{\"@type\":\"ListItem\",\"position\":1,\"name\":\"Home\",\"item\":\"https:\/\/www.kominox.sk\/hu\/\"},{\"@type\":\"ListItem\",\"position\":2,\"name\":\"Referenci\u00e1k\"}]},{\"@type\":\"WebSite\",\"@id\":\"https:\/\/www.kominox.sk\/hu\/#website\",\"url\":\"https:\/\/www.kominox.sk\/hu\/\",\"name\":\"KOMINOX\",\"description\":\"Kom\u00ednov\u00e9 syst\u00e9my\",\"publisher\":{\"@id\":\"https:\/\/www.kominox.sk\/hu\/#organization\"},\"potentialAction\":[{\"@type\":\"SearchAction\",\"target\":{\"@type\":\"EntryPoint\",\"urlTemplate\":\"https:\/\/www.kominox.sk\/hu\/?s={search_term_string}\"},\"query-input\":\"required name=search_term_string\"}],\"inLanguage\":\"hu\"},{\"@type\":\"Organization\",\"@id\":\"https:\/\/www.kominox.sk\/hu\/#organization\",\"name\":\"KOMINOX\",\"url\":\"https:\/\/www.kominox.sk\/hu\/\",\"logo\":{\"@type\":\"ImageObject\",\"inLanguage\":\"hu\",\"@id\":\"https:\/\/www.kominox.sk\/hu\/#\/schema\/logo\/image\/\",\"url\":\"https:\/\/www.kominox.sk\/wp-content\/uploads\/2024\/04\/logo-kominox.png\",\"contentUrl\":\"https:\/\/www.kominox.sk\/wp-content\/uploads\/2024\/04\/logo-kominox.png\",\"width\":267,\"height\":64,\"caption\":\"KOMINOX\"},\"image\":{\"@id\":\"https:\/\/www.kominox.sk\/hu\/#\/schema\/logo\/image\/\"}}]}<\/script>\n<!-- \/ Yoast SEO plugin. -->","yoast_head_json":{"title":"Referenci\u00e1k - KOMINOX","robots":{"index":"index","follow":"follow","max-snippet":"max-snippet:-1","max-image-preview":"max-image-preview:large","max-video-preview":"max-video-preview:-1"},"canonical":"https:\/\/www.kominox.sk\/hu\/referenciak\/","og_locale":"hu_HU","og_type":"article","og_title":"Referenci\u00e1k - KOMINOX","og_description":"Gy\u00e1runk Csal\u00e1di h\u00e1zak T\u00e1rsash\u00e1zak Mag\u00e1n\u00e9p\u00fcletek Ipari \u00e9p\u00fcletek","og_url":"https:\/\/www.kominox.sk\/hu\/referenciak\/","og_site_name":"KOMINOX","article_modified_time":"2024-06-27T07:01:07+00:00","og_image":[{"url":"https:\/\/www.kominox.sk\/wp-content\/uploads\/2024\/05\/nasa_dielna_kominox_1-410x270.jpg"}],"twitter_card":"summary_large_image","twitter_misc":{"Becs\u00fclt olvas\u00e1si id\u0151":"2 perc"},"schema":{"@context":"https:\/\/schema.org","@graph":[{"@type":"WebPage","@id":"https:\/\/www.kominox.sk\/hu\/referenciak\/","url":"https:\/\/www.kominox.sk\/hu\/referenciak\/","name":"Referenci\u00e1k - KOMINOX","isPartOf":{"@id":"https:\/\/www.kominox.sk\/hu\/#website"},"primaryImageOfPage":{"@id":"https:\/\/www.kominox.sk\/hu\/referenciak\/#primaryimage"},"image":{"@id":"https:\/\/www.kominox.sk\/hu\/referenciak\/#primaryimage"},"thumbnailUrl":"https:\/\/www.kominox.sk\/wp-content\/uploads\/2024\/05\/nasa_dielna_kominox_1-410x270.jpg","datePublished":"2024-05-05T17:35:54+00:00","dateModified":"2024-06-27T07:01:07+00:00","breadcrumb":{"@id":"https:\/\/www.kominox.sk\/hu\/referenciak\/#breadcrumb"},"inLanguage":"hu","potentialAction":[{"@type":"ReadAction","target":["https:\/\/www.kominox.sk\/hu\/referenciak\/"]}]},{"@type":"ImageObject","inLanguage":"hu","@id":"https:\/\/www.kominox.sk\/hu\/referenciak\/#primaryimage","url":"https:\/\/www.kominox.sk\/wp-content\/uploads\/2024\/05\/nasa_dielna_kominox_1-410x270.jpg","contentUrl":"https:\/\/www.kominox.sk\/wp-content\/uploads\/2024\/05\/nasa_dielna_kominox_1-410x270.jpg"},{"@type":"BreadcrumbList","@id":"https:\/\/www.kominox.sk\/hu\/referenciak\/#breadcrumb","itemListElement":[{"@type":"ListItem","position":1,"name":"Home","item":"https:\/\/www.kominox.sk\/hu\/"},{"@type":"ListItem","position":2,"name":"Referenci\u00e1k"}]},{"@type":"WebSite","@id":"https:\/\/www.kominox.sk\/hu\/#website","url":"https:\/\/www.kominox.sk\/hu\/","name":"KOMINOX","description":"Kom\u00ednov\u00e9 syst\u00e9my","publisher":{"@id":"https:\/\/www.kominox.sk\/hu\/#organization"},"potentialAction":[{"@type":"SearchAction","target":{"@type":"EntryPoint","urlTemplate":"https:\/\/www.kominox.sk\/hu\/?s={search_term_string}"},"query-input":"required name=search_term_string"}],"inLanguage":"hu"},{"@type":"Organization","@id":"https:\/\/www.kominox.sk\/hu\/#organization","name":"KOMINOX","url":"https:\/\/www.kominox.sk\/hu\/","logo":{"@type":"ImageObject","inLanguage":"hu","@id":"https:\/\/www.kominox.sk\/hu\/#\/schema\/logo\/image\/","url":"https:\/\/www.kominox.sk\/wp-content\/uploads\/2024\/04\/logo-kominox.png","contentUrl":"https:\/\/www.kominox.sk\/wp-content\/uploads\/2024\/04\/logo-kominox.png","width":267,"height":64,"caption":"KOMINOX"},"image":{"@id":"https:\/\/www.kominox.sk\/hu\/#\/schema\/logo\/image\/"}}]}},"_links":{"self":[{"href":"https:\/\/www.kominox.sk\/hu\/wp-json\/wp\/v2\/pages\/4626"}],"collection":[{"href":"https:\/\/www.kominox.sk\/hu\/wp-json\/wp\/v2\/pages"}],"about":[{"href":"https:\/\/www.kominox.sk\/hu\/wp-json\/wp\/v2\/types\/page"}],"author":[{"embeddable":true,"href":"https:\/\/www.kominox.sk\/hu\/wp-json\/wp\/v2\/users\/1"}],"replies":[{"embeddable":true,"href":"https:\/\/www.kominox.sk\/hu\/wp-json\/wp\/v2\/comments?post=4626"}],"version-history":[{"count":6,"href":"https:\/\/www.kominox.sk\/hu\/wp-json\/wp\/v2\/pages\/4626\/revisions"}],"predecessor-version":[{"id":4730,"href":"https:\/\/www.kominox.sk\/hu\/wp-json\/wp\/v2\/pages\/4626\/revisions\/4730"}],"wp:attachment":[{"href":"https:\/\/www.kominox.sk\/hu\/wp-json\/wp\/v2\/media?parent=4626"}],"curies":[{"name":"wp","href":"https:\/\/api.w.org\/{rel}","templated":true}]}}