{"id":4648,"date":"2024-05-05T19:35:31","date_gmt":"2024-05-05T17:35:31","guid":{"rendered":"https:\/\/www.kominox.sk\/osszeallitasok\/"},"modified":"2024-05-17T14:09:36","modified_gmt":"2024-05-17T12:09:36","slug":"osszeallitasok","status":"publish","type":"page","link":"https:\/\/www.kominox.sk\/hu\/osszeallitasok\/","title":{"rendered":"\u00d6ssze\u00e1ll\u00edt\u00e1sok"},"content":{"rendered":"\t\t<div data-elementor-type=\"wp-page\" data-elementor-id=\"4648\" class=\"elementor elementor-4648 elementor-3824\">\n\t\t\t\t<div class=\"elementor-element elementor-element-0c93898 e-flex e-con-boxed e-con e-parent\" data-id=\"0c93898\" data-element_type=\"container\">\n\t\t\t\t\t<div class=\"e-con-inner\">\n\t\t\t\t<div class=\"elementor-element elementor-element-668126e elementor-alert-info elementor-widget elementor-widget-alert\" data-id=\"668126e\" data-element_type=\"widget\" data-widget_type=\"alert.default\">\n\t\t\t\t<div class=\"elementor-widget-container\">\n\t\t\t<style>\/*! elementor - v3.22.0 - 26-06-2024 *\/\n.elementor-alert{padding:15px;border-left:5px solid transparent;position:relative;text-align:start}.elementor-alert .elementor-alert-title{display:block;font-weight:700}.elementor-alert .elementor-alert-description{font-size:13px}.elementor-alert button.elementor-alert-dismiss{position:absolute;right:var(--dismiss-icon-horizontal-position,10px);top:var(--dismiss-icon-vertical-position,10px);padding:3px;font-size:var(--dismiss-icon-size,20px);line-height:1;background:transparent;color:var(--dismiss-icon-normal-color,inherit);border:none;cursor:pointer;transition-duration:var(--dismiss-icon-hover-transition-duration,.3s)}.elementor-alert button.elementor-alert-dismiss:hover{color:var(--dismiss-icon-hover-color,inherit)}.elementor-alert button.elementor-alert-dismiss svg{width:var(--dismiss-icon-size,20px);height:var(--dismiss-icon-size,20px);fill:var(--dismiss-icon-normal-color,currentColor);transition-duration:var(--dismiss-icon-hover-transition-duration,.3s)}.elementor-alert button.elementor-alert-dismiss svg:hover{fill:var(--dismiss-icon-hover-color,currentColor)}.elementor-alert-info .elementor-alert{color:#31708f;background-color:#d9edf7;border-color:#bcdff1}.elementor-alert-success .elementor-alert{color:#3c763d;background-color:#dff0d8;border-color:#cae6be}.elementor-alert-warning .elementor-alert{color:#8a6d3b;background-color:#fcf8e3;border-color:#f9f0c3}.elementor-alert-danger .elementor-alert{color:#a94442;background-color:#f2dede;border-color:#e8c4c4}@media (max-width:767px){.elementor-alert{padding:10px}.elementor-alert button.elementor-alert-dismiss{right:7px;top:7px}}<\/style>\t\t<div class=\"elementor-alert\" role=\"alert\">\n\n\t\t\t\t\t\t<span class=\"elementor-alert-title\">Fejleszt\u00e9s alatt<\/span>\n\t\t\t\n\t\t\t\t\t\t<span class=\"elementor-alert-description\"><p>Sajn\u00e1ljuk, de ez az oldal jelenleg fejleszt\u00e9s alatt \u00e1ll.<\/p>\n<\/span>\n\t\t\t\n\t\t\t\n\t\t<\/div>\n\t\t\t\t<\/div>\n\t\t\t\t<\/div>\n\t\t\t\t\t<\/div>\n\t\t\t\t<\/div>\n\t\t\t\t<\/div>\n\t\t","protected":false},"excerpt":{"rendered":"<p>Fejleszt\u00e9s alatt Sajn\u00e1ljuk, de ez az oldal jelenleg fejleszt\u00e9s alatt \u00e1ll.<\/p>\n","protected":false},"author":1,"featured_media":0,"parent":0,"menu_order":0,"comment_status":"closed","ping_status":"closed","template":"","meta":{"_monsterinsights_skip_tracking":false,"_monsterinsights_sitenote_active":false,"_monsterinsights_sitenote_note":"","_monsterinsights_sitenote_category":0,"footnotes":""},"yoast_head":"<!-- This site is optimized with the Yoast SEO plugin v22.9 - https:\/\/yoast.com\/wordpress\/plugins\/seo\/ -->\n<title>\u00d6ssze\u00e1ll\u00edt\u00e1sok - KOMINOX<\/title>\n<meta name=\"robots\" content=\"index, follow, max-snippet:-1, max-image-preview:large, max-video-preview:-1\" \/>\n<link rel=\"canonical\" href=\"https:\/\/www.kominox.sk\/hu\/osszeallitasok\/\" \/>\n<meta property=\"og:locale\" content=\"hu_HU\" \/>\n<meta property=\"og:type\" content=\"article\" \/>\n<meta property=\"og:title\" content=\"\u00d6ssze\u00e1ll\u00edt\u00e1sok - KOMINOX\" \/>\n<meta property=\"og:description\" content=\"Fejleszt\u00e9s alatt Sajn\u00e1ljuk, de ez az oldal jelenleg fejleszt\u00e9s alatt \u00e1ll.\" \/>\n<meta property=\"og:url\" content=\"https:\/\/www.kominox.sk\/hu\/osszeallitasok\/\" \/>\n<meta property=\"og:site_name\" content=\"KOMINOX\" \/>\n<meta property=\"article:modified_time\" content=\"2024-05-17T12:09:36+00:00\" \/>\n<meta name=\"twitter:card\" content=\"summary_large_image\" \/>\n<script type=\"application\/ld+json\" class=\"yoast-schema-graph\">{\"@context\":\"https:\/\/schema.org\",\"@graph\":[{\"@type\":\"WebPage\",\"@id\":\"https:\/\/www.kominox.sk\/hu\/osszeallitasok\/\",\"url\":\"https:\/\/www.kominox.sk\/hu\/osszeallitasok\/\",\"name\":\"\u00d6ssze\u00e1ll\u00edt\u00e1sok - KOMINOX\",\"isPartOf\":{\"@id\":\"https:\/\/www.kominox.sk\/hu\/#website\"},\"datePublished\":\"2024-05-05T17:35:31+00:00\",\"dateModified\":\"2024-05-17T12:09:36+00:00\",\"breadcrumb\":{\"@id\":\"https:\/\/www.kominox.sk\/hu\/osszeallitasok\/#breadcrumb\"},\"inLanguage\":\"hu\",\"potentialAction\":[{\"@type\":\"ReadAction\",\"target\":[\"https:\/\/www.kominox.sk\/hu\/osszeallitasok\/\"]}]},{\"@type\":\"BreadcrumbList\",\"@id\":\"https:\/\/www.kominox.sk\/hu\/osszeallitasok\/#breadcrumb\",\"itemListElement\":[{\"@type\":\"ListItem\",\"position\":1,\"name\":\"Home\",\"item\":\"https:\/\/www.kominox.sk\/hu\/\"},{\"@type\":\"ListItem\",\"position\":2,\"name\":\"\u00d6ssze\u00e1ll\u00edt\u00e1sok\"}]},{\"@type\":\"WebSite\",\"@id\":\"https:\/\/www.kominox.sk\/hu\/#website\",\"url\":\"https:\/\/www.kominox.sk\/hu\/\",\"name\":\"KOMINOX\",\"description\":\"Kom\u00ednov\u00e9 syst\u00e9my\",\"publisher\":{\"@id\":\"https:\/\/www.kominox.sk\/hu\/#organization\"},\"potentialAction\":[{\"@type\":\"SearchAction\",\"target\":{\"@type\":\"EntryPoint\",\"urlTemplate\":\"https:\/\/www.kominox.sk\/hu\/?s={search_term_string}\"},\"query-input\":\"required name=search_term_string\"}],\"inLanguage\":\"hu\"},{\"@type\":\"Organization\",\"@id\":\"https:\/\/www.kominox.sk\/hu\/#organization\",\"name\":\"KOMINOX\",\"url\":\"https:\/\/www.kominox.sk\/hu\/\",\"logo\":{\"@type\":\"ImageObject\",\"inLanguage\":\"hu\",\"@id\":\"https:\/\/www.kominox.sk\/hu\/#\/schema\/logo\/image\/\",\"url\":\"https:\/\/www.kominox.sk\/wp-content\/uploads\/2024\/04\/logo-kominox.png\",\"contentUrl\":\"https:\/\/www.kominox.sk\/wp-content\/uploads\/2024\/04\/logo-kominox.png\",\"width\":267,\"height\":64,\"caption\":\"KOMINOX\"},\"image\":{\"@id\":\"https:\/\/www.kominox.sk\/hu\/#\/schema\/logo\/image\/\"}}]}<\/script>\n<!-- \/ Yoast SEO plugin. -->","yoast_head_json":{"title":"\u00d6ssze\u00e1ll\u00edt\u00e1sok - KOMINOX","robots":{"index":"index","follow":"follow","max-snippet":"max-snippet:-1","max-image-preview":"max-image-preview:large","max-video-preview":"max-video-preview:-1"},"canonical":"https:\/\/www.kominox.sk\/hu\/osszeallitasok\/","og_locale":"hu_HU","og_type":"article","og_title":"\u00d6ssze\u00e1ll\u00edt\u00e1sok - KOMINOX","og_description":"Fejleszt\u00e9s alatt Sajn\u00e1ljuk, de ez az oldal jelenleg fejleszt\u00e9s alatt \u00e1ll.","og_url":"https:\/\/www.kominox.sk\/hu\/osszeallitasok\/","og_site_name":"KOMINOX","article_modified_time":"2024-05-17T12:09:36+00:00","twitter_card":"summary_large_image","schema":{"@context":"https:\/\/schema.org","@graph":[{"@type":"WebPage","@id":"https:\/\/www.kominox.sk\/hu\/osszeallitasok\/","url":"https:\/\/www.kominox.sk\/hu\/osszeallitasok\/","name":"\u00d6ssze\u00e1ll\u00edt\u00e1sok - KOMINOX","isPartOf":{"@id":"https:\/\/www.kominox.sk\/hu\/#website"},"datePublished":"2024-05-05T17:35:31+00:00","dateModified":"2024-05-17T12:09:36+00:00","breadcrumb":{"@id":"https:\/\/www.kominox.sk\/hu\/osszeallitasok\/#breadcrumb"},"inLanguage":"hu","potentialAction":[{"@type":"ReadAction","target":["https:\/\/www.kominox.sk\/hu\/osszeallitasok\/"]}]},{"@type":"BreadcrumbList","@id":"https:\/\/www.kominox.sk\/hu\/osszeallitasok\/#breadcrumb","itemListElement":[{"@type":"ListItem","position":1,"name":"Home","item":"https:\/\/www.kominox.sk\/hu\/"},{"@type":"ListItem","position":2,"name":"\u00d6ssze\u00e1ll\u00edt\u00e1sok"}]},{"@type":"WebSite","@id":"https:\/\/www.kominox.sk\/hu\/#website","url":"https:\/\/www.kominox.sk\/hu\/","name":"KOMINOX","description":"Kom\u00ednov\u00e9 syst\u00e9my","publisher":{"@id":"https:\/\/www.kominox.sk\/hu\/#organization"},"potentialAction":[{"@type":"SearchAction","target":{"@type":"EntryPoint","urlTemplate":"https:\/\/www.kominox.sk\/hu\/?s={search_term_string}"},"query-input":"required name=search_term_string"}],"inLanguage":"hu"},{"@type":"Organization","@id":"https:\/\/www.kominox.sk\/hu\/#organization","name":"KOMINOX","url":"https:\/\/www.kominox.sk\/hu\/","logo":{"@type":"ImageObject","inLanguage":"hu","@id":"https:\/\/www.kominox.sk\/hu\/#\/schema\/logo\/image\/","url":"https:\/\/www.kominox.sk\/wp-content\/uploads\/2024\/04\/logo-kominox.png","contentUrl":"https:\/\/www.kominox.sk\/wp-content\/uploads\/2024\/04\/logo-kominox.png","width":267,"height":64,"caption":"KOMINOX"},"image":{"@id":"https:\/\/www.kominox.sk\/hu\/#\/schema\/logo\/image\/"}}]}},"_links":{"self":[{"href":"https:\/\/www.kominox.sk\/hu\/wp-json\/wp\/v2\/pages\/4648"}],"collection":[{"href":"https:\/\/www.kominox.sk\/hu\/wp-json\/wp\/v2\/pages"}],"about":[{"href":"https:\/\/www.kominox.sk\/hu\/wp-json\/wp\/v2\/types\/page"}],"author":[{"embeddable":true,"href":"https:\/\/www.kominox.sk\/hu\/wp-json\/wp\/v2\/users\/1"}],"replies":[{"embeddable":true,"href":"https:\/\/www.kominox.sk\/hu\/wp-json\/wp\/v2\/comments?post=4648"}],"version-history":[{"count":1,"href":"https:\/\/www.kominox.sk\/hu\/wp-json\/wp\/v2\/pages\/4648\/revisions"}],"predecessor-version":[{"id":4649,"href":"https:\/\/www.kominox.sk\/hu\/wp-json\/wp\/v2\/pages\/4648\/revisions\/4649"}],"wp:attachment":[{"href":"https:\/\/www.kominox.sk\/hu\/wp-json\/wp\/v2\/media?parent=4648"}],"curies":[{"name":"wp","href":"https:\/\/api.w.org\/{rel}","templated":true}]}}